{"id":525,"date":"2025-01-20T12:07:54","date_gmt":"2025-01-20T11:07:54","guid":{"rendered":"https:\/\/theme-1.hattenbergerpartner.de\/?page_id=525"},"modified":"2025-02-17T09:59:26","modified_gmt":"2025-02-17T08:59:26","slug":"home","status":"publish","type":"page","link":"https:\/\/theme-futuristic.hattenbergerpartner.de\/","title":{"rendered":"Home"},"content":{"rendered":"<section class=\"header-half-bg relative overflow-hidden bg-bg-black text-text-default dark:!text-light dark:!bg-dark\">\n    <div class=\"max-w-screen-fhd lg:h-80vh lg:max-h-[900px] mx-auto flex max-lg:flex-col justify-between flex-row-reverse\">\n        <div class=\"w-full h-auto lg:w-1\/2 max-lg:order-1\">\n            <img loading=\"lazy\" decoding=\"async\" width=\"1023\" height=\"946\" src=\"https:\/\/theme-futuristic.hattenbergerpartner.de\/wp-content\/uploads\/2025\/02\/h_imgg.png\" class=\"h-full w-full object-cover z-0 object-center\" alt=\"\" srcset=\"https:\/\/theme-futuristic.hattenbergerpartner.de\/wp-content\/uploads\/2025\/02\/h_imgg.png 1023w, https:\/\/theme-futuristic.hattenbergerpartner.de\/wp-content\/uploads\/2025\/02\/h_imgg-300x277.png 300w, https:\/\/theme-futuristic.hattenbergerpartner.de\/wp-content\/uploads\/2025\/02\/h_imgg-768x710.png 768w\" sizes=\"auto, (max-width: 1023px) 100vw, 1023px\" \/>        <\/div>\n        <div class=\"relative w-full lg:w-1\/2 spacing-py spacing-px lg:mx-auto flex flex-col z-10 justify-center align-left\">\n            <div class=\"max-w-[595px] mx-auto\">\n                <h1 class='headline-element align-left typo-h1-header font-bold'>Wir entwickeln Software, die Ihr Business antreibt<\/h1><div class='text-element align-left typo-body mt-xs'>Wir programmieren nicht einfach nur \u2013 wir l\u00f6sen echte Probleme. Wir entwickeln intuitive Web- und Mobile-Apps, die Unternehmen voranbringen und das Nutzererlebnis verbessern.<\/div>        <a  target=\"_self\" href=\"https:\/\/theme-futuristic.hattenbergerpartner.de\/index.php\/uber-uns\/\" class=\"btn-primary mt-sm block \">\n            Mehr erfahren                    <\/a>\n                    <\/div>\n        <\/div>\n    <\/div>\n<\/section>\n\n<section class=\"text-image-module bg-bg-black text-text-txt\">\n    <div class=\"dark:!text-white dark:!bg-dark\">\n        <div class=\"max-w-screen-2xl spacing-px spacing-py mx-auto\">\n            <div class=\"content-top max-w-3xl align-left \">\n                            <\/div>\n            <div class=\"grid grid-cols-1 2xl:gap-offsetMd gap-md \">\n                <div class=\"text-image-single flex max-lg:flex-col\">\n      <div class=\"image-box lg:w-1\/2 \">\n        <div class=\"image-box-img overflow-hidden aspect-square \">\n          <img loading=\"lazy\" decoding=\"async\" width=\"670\" height=\"670\" src=\"https:\/\/theme-futuristic.hattenbergerpartner.de\/wp-content\/uploads\/2025\/02\/txt_image1-1.png\" class=\"h-full w-full object-cover z-0 transform scale-105 transition duration-300\" alt=\"\" srcset=\"https:\/\/theme-futuristic.hattenbergerpartner.de\/wp-content\/uploads\/2025\/02\/txt_image1-1.png 670w, https:\/\/theme-futuristic.hattenbergerpartner.de\/wp-content\/uploads\/2025\/02\/txt_image1-1-300x300.png 300w, https:\/\/theme-futuristic.hattenbergerpartner.de\/wp-content\/uploads\/2025\/02\/txt_image1-1-150x150.png 150w\" sizes=\"auto, (max-width: 670px) 100vw, 670px\" \/>        <\/div>\n      <\/div>\n      <div class=\"content-box lg:w-1\/2 flex flex-col justify-center bg-bg-transparent \">\n        <div class=\"content-box-inner with-link image-side-left \">\n          <h4 class='headline-element align-left typo-h3'>Auf der Suche nach einem zuverl\u00e4ssigen Software-Partner?<\/h4><div class='text-element align-left typo-body mt-xs'><p>Mit uns entwickeln Sie skalierbare und sichere Software, die genau auf Ihre Anforderungen zugeschnitten ist.<\/p>\n<\/div>        <a  target=\"_self\" href=\"https:\/\/theme-futuristic.hattenbergerpartner.de\/index.php\/uber-uns\/\" class=\"link-primary mt-sm with-icon\">\n            Mehr erfahren                            <svg width=\"16\" height=\"16\" viewBox=\"0 0 16 16\" fill=\"none\" xmlns=\"http:\/\/www.w3.org\/2000\/svg\">\n                    <path d=\"M12.175 9H0V7H12.175L6.575 1.4L8 0L16 8L8 16L6.575 14.6L12.175 9Z\" fill=\"white\"\/>\n                <\/svg>\n                    <\/a>\n                <\/div>\n      <\/div>\n    <\/div>\n            <\/div>\n        <\/div>\n    <\/div>\n<\/section>\n\n<section class=\"teaser-small-section bg-bg-black text-text-default\">\n    <div class=\"dark:!bg-dark dark:!text-white\">\n        <div class=\"max-w-screen-2xl spacing-px spacing-py mx-auto\">\n            <div class=\"content-top max-w-3xl align-left \">\n                <h2 class='headline-element align-left typo-h2 font-bold'>Warum wir?<\/h2>            <\/div>\n            <div class=\"grid gap-sm gap-y-lg md:grid-cols-2 lg:grid-cols-3 lg:mt-lg mt-md\">\n                    <div class=\"teaser-small-single flex flex-col max-md:max-w-96 mx-auto w-full\">\n                        <div class=\"overflow-hidden teaser-small-single-image aspect-video\"> \n                    <img loading=\"lazy\" decoding=\"async\" width=\"392\" height=\"220\" src=\"https:\/\/theme-futuristic.hattenbergerpartner.de\/wp-content\/uploads\/2025\/02\/Frame-10001.png\" class=\"h-full w-full object-cover z-0 transform scale-105 transition duration-300\" alt=\"\" srcset=\"https:\/\/theme-futuristic.hattenbergerpartner.de\/wp-content\/uploads\/2025\/02\/Frame-10001.png 392w, https:\/\/theme-futuristic.hattenbergerpartner.de\/wp-content\/uploads\/2025\/02\/Frame-10001-300x168.png 300w\" sizes=\"auto, (max-width: 392px) 100vw, 392px\" \/>                <\/div> \n                    <div class=\"content flex flex-col flex-grow bg-bg-transparent \">\n            <h4 class='headline-element align-left typo-h4 font-bold mb-xs mt-sm'>Individuelle L\u00f6sungen<\/h4><div class='text-element align-left typo-body mb-sm'>Ihre Software passt sich Ihrem Unternehmen an, nicht umgekehrt.<\/div>        <\/div>\n    <\/div>\n    <div class=\"teaser-small-single flex flex-col max-md:max-w-96 mx-auto w-full\">\n                        <div class=\"overflow-hidden teaser-small-single-image aspect-video\"> \n                    <img loading=\"lazy\" decoding=\"async\" width=\"392\" height=\"220\" src=\"https:\/\/theme-futuristic.hattenbergerpartner.de\/wp-content\/uploads\/2025\/02\/Frame-9999.png\" class=\"h-full w-full object-cover z-0 transform scale-105 transition duration-300\" alt=\"\" srcset=\"https:\/\/theme-futuristic.hattenbergerpartner.de\/wp-content\/uploads\/2025\/02\/Frame-9999.png 392w, https:\/\/theme-futuristic.hattenbergerpartner.de\/wp-content\/uploads\/2025\/02\/Frame-9999-300x168.png 300w\" sizes=\"auto, (max-width: 392px) 100vw, 392px\" \/>                <\/div> \n                    <div class=\"content flex flex-col flex-grow bg-bg-transparent \">\n            <h4 class='headline-element align-left typo-h4 font-bold mb-xs mt-sm'>Moderne Technologien<\/h4><div class='text-element align-left typo-body mb-sm'>React, Node.js, Python, TypeScript, Kubernetes \u2013 wir bleiben am Puls der Zeit.<\/div>        <\/div>\n    <\/div>\n    <div class=\"teaser-small-single flex flex-col max-md:max-w-96 mx-auto w-full\">\n                        <div class=\"overflow-hidden teaser-small-single-image aspect-video\"> \n                    <img loading=\"lazy\" decoding=\"async\" width=\"392\" height=\"220\" src=\"https:\/\/theme-futuristic.hattenbergerpartner.de\/wp-content\/uploads\/2025\/02\/Frame-10000.png\" class=\"h-full w-full object-cover z-0 transform scale-105 transition duration-300\" alt=\"\" srcset=\"https:\/\/theme-futuristic.hattenbergerpartner.de\/wp-content\/uploads\/2025\/02\/Frame-10000.png 392w, https:\/\/theme-futuristic.hattenbergerpartner.de\/wp-content\/uploads\/2025\/02\/Frame-10000-300x168.png 300w\" sizes=\"auto, (max-width: 392px) 100vw, 392px\" \/>                <\/div> \n                    <div class=\"content flex flex-col flex-grow bg-bg-transparent \">\n            <h4 class='headline-element align-left typo-h4 font-bold mb-xs mt-sm'>Agile &#038; DevOps<\/h4><div class='text-element align-left typo-body mb-sm'>Schnelle Entwicklungszyklen und reibungslose Deployments.<\/div>        <\/div>\n    <\/div>\n            <\/div>\n        <\/div>\n    <\/div>\n<\/section>\n\n<section class=\"image-sticky-module\">\n  <div class=\"image-sticky-module__container\">\n    <div class=\"image-sticky-module__image min-h-[70vh] bg-fixed bg-no-repeat bg-cover bg-center\" style=\"background-image:url('https:\/\/theme-futuristic.hattenbergerpartner.de\/wp-content\/uploads\/2025\/02\/programming-code-abstract-technology-background-of-2025-01-16-15-02-42-utc-1.jpg');\" ><\/div> \n  <\/div>\n<\/section>\n\n<section class=\"text-image-module bg-bg-black text-text-default\">\n    <div class=\"dark:!text-white dark:!bg-dark\">\n        <div class=\"max-w-screen-2xl spacing-px spacing-py mx-auto\">\n            <div class=\"content-top max-w-3xl align-left \">\n                            <\/div>\n            <div class=\"grid grid-cols-1 2xl:gap-offsetMd gap-md \">\n                <div class=\"text-image-single flex max-lg:flex-col\">\n      <div class=\"image-box lg:w-1\/2 lg:order-1\">\n        <div class=\"image-box-img overflow-hidden aspect-square \">\n          <img loading=\"lazy\" decoding=\"async\" width=\"670\" height=\"670\" src=\"https:\/\/theme-futuristic.hattenbergerpartner.de\/wp-content\/uploads\/2025\/02\/txt_image2-1.png\" class=\"h-full w-full object-cover z-0 transform scale-105 transition duration-300\" alt=\"\" srcset=\"https:\/\/theme-futuristic.hattenbergerpartner.de\/wp-content\/uploads\/2025\/02\/txt_image2-1.png 670w, https:\/\/theme-futuristic.hattenbergerpartner.de\/wp-content\/uploads\/2025\/02\/txt_image2-1-300x300.png 300w, https:\/\/theme-futuristic.hattenbergerpartner.de\/wp-content\/uploads\/2025\/02\/txt_image2-1-150x150.png 150w\" sizes=\"auto, (max-width: 670px) 100vw, 670px\" \/>        <\/div>\n      <\/div>\n      <div class=\"content-box lg:w-1\/2 flex flex-col justify-center bg-bg-transparent \">\n        <div class=\"content-box-inner with-link image-side-right \">\n          <h4 class='headline-element align-left typo-h3'>Code mit Mehrwert<\/h4><div class='text-element align-left typo-body mt-xs'><p>Wir sind kein gew\u00f6hnliches Softwarehaus. Wir sind ein Team von Enthusiasten, die exzellente Software lieben und vom ersten Code bis zur finalen Umsetzung gr\u00f6\u00dften Wert auf Qualit\u00e4t legen.<\/p>\n<\/div>        <a  target=\"_self\" href=\"https:\/\/theme-futuristic.hattenbergerpartner.de\/index.php\/uber-uns\/\" class=\"link-primary mt-sm with-icon\">\n            Mehr erfahren                            <svg width=\"16\" height=\"16\" viewBox=\"0 0 16 16\" fill=\"none\" xmlns=\"http:\/\/www.w3.org\/2000\/svg\">\n                    <path d=\"M12.175 9H0V7H12.175L6.575 1.4L8 0L16 8L8 16L6.575 14.6L12.175 9Z\" fill=\"white\"\/>\n                <\/svg>\n                    <\/a>\n                <\/div>\n      <\/div>\n    <\/div>\n            <\/div>\n        <\/div>\n    <\/div>\n<\/section>\n\n<section class=\"teaser-small-section bg-bg-black text-text-default\">\n    <div class=\"dark:!bg-dark dark:!text-white\">\n        <div class=\"max-w-screen-2xl spacing-px spacing-py mx-auto\">\n            <div class=\"content-top max-w-3xl align-left \">\n                <h2 class='headline-element align-left typo-h2 font-bold'>Sehen Sie sich unsere Projekte an<\/h2>            <\/div>\n            <div class=\"grid gap-sm gap-y-lg md:grid-cols-2 lg:grid-cols-3 lg:mt-lg mt-md\">\n                    <div class=\"teaser-small-single flex flex-col max-md:max-w-96 mx-auto w-full\">\n                        <a href=\"https:\/\/theme-futuristic.hattenbergerpartner.de\/index.php\/uber-uns\/\"  target=\"_self\">\n                            <div class=\"overflow-hidden teaser-small-single-image aspect-square\"> \n                    <img loading=\"lazy\" decoding=\"async\" width=\"670\" height=\"670\" src=\"https:\/\/theme-futuristic.hattenbergerpartner.de\/wp-content\/uploads\/2025\/02\/laptopik.png\" class=\"h-full w-full object-cover z-0 transform scale-105 transition duration-300\" alt=\"\" srcset=\"https:\/\/theme-futuristic.hattenbergerpartner.de\/wp-content\/uploads\/2025\/02\/laptopik.png 670w, https:\/\/theme-futuristic.hattenbergerpartner.de\/wp-content\/uploads\/2025\/02\/laptopik-300x300.png 300w, https:\/\/theme-futuristic.hattenbergerpartner.de\/wp-content\/uploads\/2025\/02\/laptopik-150x150.png 150w\" sizes=\"auto, (max-width: 670px) 100vw, 670px\" \/>                <\/div> \n                            <\/a> \n                    <div class=\"content flex flex-col flex-grow bg-bg-transparent \">\n            <h4 class='headline-element align-left typo-h4 font-bold mb-xs mt-sm'>Desktop Apps<\/h4>        <a  target=\"_self\" href=\"https:\/\/theme-futuristic.hattenbergerpartner.de\/index.php\/uber-uns\/\" class=\"link-primary  with-icon\">\n            Mehr erfahren                            <svg width=\"16\" height=\"16\" viewBox=\"0 0 16 16\" fill=\"none\" xmlns=\"http:\/\/www.w3.org\/2000\/svg\">\n                    <path d=\"M12.175 9H0V7H12.175L6.575 1.4L8 0L16 8L8 16L6.575 14.6L12.175 9Z\" fill=\"white\"\/>\n                <\/svg>\n                    <\/a>\n                <\/div>\n    <\/div>\n    <div class=\"teaser-small-single flex flex-col max-md:max-w-96 mx-auto w-full\">\n                        <a href=\"https:\/\/theme-futuristic.hattenbergerpartner.de\/index.php\/uber-uns\/\"  target=\"_self\">\n                            <div class=\"overflow-hidden teaser-small-single-image aspect-square\"> \n                    <img loading=\"lazy\" decoding=\"async\" width=\"670\" height=\"670\" src=\"https:\/\/theme-futuristic.hattenbergerpartner.de\/wp-content\/uploads\/2025\/02\/phone.png\" class=\"h-full w-full object-cover z-0 transform scale-105 transition duration-300\" alt=\"\" srcset=\"https:\/\/theme-futuristic.hattenbergerpartner.de\/wp-content\/uploads\/2025\/02\/phone.png 670w, https:\/\/theme-futuristic.hattenbergerpartner.de\/wp-content\/uploads\/2025\/02\/phone-300x300.png 300w, https:\/\/theme-futuristic.hattenbergerpartner.de\/wp-content\/uploads\/2025\/02\/phone-150x150.png 150w\" sizes=\"auto, (max-width: 670px) 100vw, 670px\" \/>                <\/div> \n                            <\/a> \n                    <div class=\"content flex flex-col flex-grow bg-bg-transparent \">\n            <h4 class='headline-element align-left typo-h4 font-bold mb-xs mt-sm'>Mobile Apps<\/h4>        <a  target=\"_self\" href=\"https:\/\/theme-futuristic.hattenbergerpartner.de\/index.php\/uber-uns\/\" class=\"link-primary  with-icon\">\n            Mehr erfahren                            <svg width=\"16\" height=\"16\" viewBox=\"0 0 16 16\" fill=\"none\" xmlns=\"http:\/\/www.w3.org\/2000\/svg\">\n                    <path d=\"M12.175 9H0V7H12.175L6.575 1.4L8 0L16 8L8 16L6.575 14.6L12.175 9Z\" fill=\"white\"\/>\n                <\/svg>\n                    <\/a>\n                <\/div>\n    <\/div>\n    <div class=\"teaser-small-single flex flex-col max-md:max-w-96 mx-auto w-full\">\n                        <a href=\"https:\/\/theme-futuristic.hattenbergerpartner.de\/index.php\/uber-uns\/\"  target=\"_self\">\n                            <div class=\"overflow-hidden teaser-small-single-image aspect-square\"> \n                    <img loading=\"lazy\" decoding=\"async\" width=\"670\" height=\"670\" src=\"https:\/\/theme-futuristic.hattenbergerpartner.de\/wp-content\/uploads\/2025\/02\/tablet.png\" class=\"h-full w-full object-cover z-0 transform scale-105 transition duration-300\" alt=\"\" srcset=\"https:\/\/theme-futuristic.hattenbergerpartner.de\/wp-content\/uploads\/2025\/02\/tablet.png 670w, https:\/\/theme-futuristic.hattenbergerpartner.de\/wp-content\/uploads\/2025\/02\/tablet-300x300.png 300w, https:\/\/theme-futuristic.hattenbergerpartner.de\/wp-content\/uploads\/2025\/02\/tablet-150x150.png 150w\" sizes=\"auto, (max-width: 670px) 100vw, 670px\" \/>                <\/div> \n                            <\/a> \n                    <div class=\"content flex flex-col flex-grow bg-bg-transparent \">\n            <h4 class='headline-element align-left typo-h4 font-bold mb-xs mt-sm'>Softwares<\/h4>        <a  target=\"_self\" href=\"https:\/\/theme-futuristic.hattenbergerpartner.de\/index.php\/uber-uns\/\" class=\"link-primary  with-icon\">\n            Mehr erfahren                            <svg width=\"16\" height=\"16\" viewBox=\"0 0 16 16\" fill=\"none\" xmlns=\"http:\/\/www.w3.org\/2000\/svg\">\n                    <path d=\"M12.175 9H0V7H12.175L6.575 1.4L8 0L16 8L8 16L6.575 14.6L12.175 9Z\" fill=\"white\"\/>\n                <\/svg>\n                    <\/a>\n                <\/div>\n    <\/div>\n            <\/div>\n        <\/div>\n    <\/div>\n<\/section>\n\n<section class=\"contact-module bg-bg-black text-text-default dark:!bg-dark dark:!text-white spacing-py overflow-hidden relative\">\n  <div class=\"contact-box spacing-px mx-auto\" data-anim-time=\"15\">\n        <div class=\"z-10 flex max-xs:flex-col gap-sm sm:gap-offsetMd justify-center relative\">\n              <div class=\"person-image\">\n          <div class=\"shrink-0 aspect-square rounded-full overflow-hidden w-32 md:w-5xl h-auto\">\n            <img loading=\"lazy\" decoding=\"async\" width=\"300\" height=\"300\" src=\"https:\/\/theme-futuristic.hattenbergerpartner.de\/wp-content\/uploads\/2025\/02\/header-image-300x300.jpg\" class=\"z-0 w-full h-full object-cover object-center\" alt=\"\" srcset=\"https:\/\/theme-futuristic.hattenbergerpartner.de\/wp-content\/uploads\/2025\/02\/header-image-300x300.jpg 300w, https:\/\/theme-futuristic.hattenbergerpartner.de\/wp-content\/uploads\/2025\/02\/header-image-150x150.jpg 150w, https:\/\/theme-futuristic.hattenbergerpartner.de\/wp-content\/uploads\/2025\/02\/header-image.jpg 416w\" sizes=\"auto, (max-width: 300px) 100vw, 300px\" \/>          <\/div>\n        <\/div>\n            <div class=\"content max-w-[600px] \">\n        <h3 class='headline-element align-left typo-h2 font-bold'>Lassen Sie uns Ihr Projekt besprechen!<\/h3><div class='text-element align-left typo-body mt-xs'>Haben Sie Fragen oder bereits eine konkrete Idee? Wir freuen uns auf den Austausch mit Ihnen!<\/div>        <a  target=\"_self\" href=\"https:\/\/theme-futuristic.hattenbergerpartner.de\/index.php\/kontakt\/\" class=\"link-primary mt-sm with-icon\">\n            Kontakt                            <svg width=\"16\" height=\"16\" viewBox=\"0 0 16 16\" fill=\"none\" xmlns=\"http:\/\/www.w3.org\/2000\/svg\">\n                    <path d=\"M12.175 9H0V7H12.175L6.575 1.4L8 0L16 8L8 16L6.575 14.6L12.175 9Z\" fill=\"white\"\/>\n                <\/svg>\n                    <\/a>\n              <\/div>\n    <\/div>\n  <\/div>\n  <\/section>","protected":false},"excerpt":{"rendered":"","protected":false},"author":1,"featured_media":0,"parent":0,"menu_order":0,"comment_status":"closed","ping_status":"closed","template":"","meta":{"_acf_changed":false,"footnotes":""},"class_list":["post-525","page","type-page","status-publish","hentry"],"acf":[],"_links":{"self":[{"href":"https:\/\/theme-futuristic.hattenbergerpartner.de\/index.php\/wp-json\/wp\/v2\/pages\/525","targetHints":{"allow":["GET"]}}],"collection":[{"href":"https:\/\/theme-futuristic.hattenbergerpartner.de\/index.php\/wp-json\/wp\/v2\/pages"}],"about":[{"href":"https:\/\/theme-futuristic.hattenbergerpartner.de\/index.php\/wp-json\/wp\/v2\/types\/page"}],"author":[{"embeddable":true,"href":"https:\/\/theme-futuristic.hattenbergerpartner.de\/index.php\/wp-json\/wp\/v2\/users\/1"}],"replies":[{"embeddable":true,"href":"https:\/\/theme-futuristic.hattenbergerpartner.de\/index.php\/wp-json\/wp\/v2\/comments?post=525"}],"version-history":[{"count":290,"href":"https:\/\/theme-futuristic.hattenbergerpartner.de\/index.php\/wp-json\/wp\/v2\/pages\/525\/revisions"}],"predecessor-version":[{"id":1179,"href":"https:\/\/theme-futuristic.hattenbergerpartner.de\/index.php\/wp-json\/wp\/v2\/pages\/525\/revisions\/1179"}],"wp:attachment":[{"href":"https:\/\/theme-futuristic.hattenbergerpartner.de\/index.php\/wp-json\/wp\/v2\/media?parent=525"}],"curies":[{"name":"wp","href":"https:\/\/api.w.org\/{rel}","templated":true}]}}